{"id":18,"date":"2025-02-04T18:36:14","date_gmt":"2025-02-04T18:36:14","guid":{"rendered":"https:\/\/couteau-nihon.fr\/blog\/?page_id=18"},"modified":"2025-03-19T23:44:51","modified_gmt":"2025-03-19T23:44:51","slug":"plan-de-site","status":"publish","type":"page","link":"https:\/\/couteau-nihon.fr\/blog\/plan-de-site\/","title":{"rendered":"Plan de site"},"content":{"rendered":"<div class=\"rank-math-html-sitemap\"><div class=\"rank-math-html-sitemap__section rank-math-html-sitemap__section--post-type rank-math-html-sitemap__section--post\"><h2 class=\"rank-math-html-sitemap__title\">Articles<\/h2><ul class=\"rank-math-html-sitemap__list\"><li class=\"rank-math-html-sitemap__item\"><a href=\"https:\/\/couteau-nihon.fr\/blog\/pourquoi-ce-lancement-fait-il-autant-reagir-les-entreprises\/478\/\" class=\"rank-math-html-sitemap__link\">Pourquoi ce lancement fait-il autant r\u00e9agir les entreprises ?<\/a> <span class=\"rank-math-html-sitemap__date\">(avril 17, 2026)<\/span><\/li><li class=\"rank-math-html-sitemap__item\"><a href=\"https:\/\/couteau-nihon.fr\/blog\/maquettiste-web-pour-structurer-un-site-performant-des-le-depart\/472\/\" class=\"rank-math-html-sitemap__link\">Maquettiste Web pour structurer un site performant d\u00e8s le d\u00e9part<\/a> <span class=\"rank-math-html-sitemap__date\">(avril 13, 2026)<\/span><\/li><li class=\"rank-math-html-sitemap__item\"><a href=\"https:\/\/couteau-nihon.fr\/blog\/ux-researcher-comment-comprendre-vos-utilisateurs-pour-enfin-convertir\/465\/\" class=\"rank-math-html-sitemap__link\">UX researcher : comment comprendre vos utilisateurs pour enfin convertir ?<\/a> <span class=\"rank-math-html-sitemap__date\">(avril 7, 2026)<\/span><\/li><li class=\"rank-math-html-sitemap__item\"><a href=\"https:\/\/couteau-nihon.fr\/blog\/choisir-une-agence-wordpress-sur-elementor\/446\/\" class=\"rank-math-html-sitemap__link\">Pourquoi choisir une Agence WordPress sur Elementor pour cr\u00e9er un site performant, visible et rentable ?<\/a> <span class=\"rank-math-html-sitemap__date\">(mars 3, 2026)<\/span><\/li><li class=\"rank-math-html-sitemap__item\"><a href=\"https:\/\/couteau-nihon.fr\/blog\/developper-une-strategie-web-durable\/440\/\" class=\"rank-math-html-sitemap__link\">D\u00e9velopper une strat\u00e9gie web durable : m\u00e9thodes, contenu et coh\u00e9rence digitale<\/a> <span class=\"rank-math-html-sitemap__date\">(f\u00e9vrier 3, 2026)<\/span><\/li><li class=\"rank-math-html-sitemap__item\"><a href=\"https:\/\/couteau-nihon.fr\/blog\/livraison-glacon-a-paris-la-solution-professionnelle-pour-une-fraicheur-garantie\/434\/\" class=\"rank-math-html-sitemap__link\">Livraison gla\u00e7on \u00e0 Paris : la solution professionnelle pour une fra\u00eecheur garantie<\/a> <span class=\"rank-math-html-sitemap__date\">(janvier 30, 2026)<\/span><\/li><li class=\"rank-math-html-sitemap__item\"><a href=\"https:\/\/couteau-nihon.fr\/blog\/accelerateur-de-cabinet-pourquoi-les-professionnels\/429\/\" class=\"rank-math-html-sitemap__link\">Acc\u00e9l\u00e9rateur de Cabinet : pourquoi les professionnels parlent d\u2019un excellent rapport valeur \/ engagement<\/a> <span class=\"rank-math-html-sitemap__date\">(janvier 29, 2026)<\/span><\/li><li class=\"rank-math-html-sitemap__item\"><a href=\"https:\/\/couteau-nihon.fr\/blog\/livraison-glacon-a-paris\/423\/\" class=\"rank-math-html-sitemap__link\">Livraison gla\u00e7on \u00e0 Paris : un service essentiel pour particuliers et professionnels<\/a> <span class=\"rank-math-html-sitemap__date\">(janvier 27, 2026)<\/span><\/li><li class=\"rank-math-html-sitemap__item\"><a href=\"https:\/\/couteau-nihon.fr\/blog\/pourquoi-faire-appel-a-une-agence-woocommerce-pour-son-site-e-commerce\/407\/\" class=\"rank-math-html-sitemap__link\">Pourquoi faire appel \u00e0 une agence WooCommerce pour son site e-commerce ?<\/a> <span class=\"rank-math-html-sitemap__date\">(janvier 14, 2026)<\/span><\/li><li class=\"rank-math-html-sitemap__item\"><a href=\"https:\/\/couteau-nihon.fr\/blog\/barman-a-domicile-bar-a-cocktails\/401\/\" class=\"rank-math-html-sitemap__link\">Beluv\u00eca Bar Story \u2013 Barman \u00e0 domicile &amp; bar \u00e0 cocktails sur mesure<\/a> <span class=\"rank-math-html-sitemap__date\">(janvier 4, 2026)<\/span><\/li><li class=\"rank-math-html-sitemap__item\"><a href=\"https:\/\/couteau-nihon.fr\/blog\/maitre-audrey-merle-du-bourg-une-notaire-engagee\/395\/\" class=\"rank-math-html-sitemap__link\">Ma\u00eetre Audrey Merle du Bourg : une notaire engag\u00e9e pour les familles au Mans<\/a> <span class=\"rank-math-html-sitemap__date\">(janvier 4, 2026)<\/span><\/li><li class=\"rank-math-html-sitemap__item\"><a href=\"https:\/\/couteau-nihon.fr\/blog\/leclat-dun-instant\/390\/\" class=\"rank-math-html-sitemap__link\">L\u2019\u00e9clat d\u2019un instant : vivre l\u2019\u00e9v\u00e9nement comme une destination<\/a> <span class=\"rank-math-html-sitemap__date\">(janvier 4, 2026)<\/span><\/li><li class=\"rank-math-html-sitemap__item\"><a href=\"https:\/\/couteau-nihon.fr\/blog\/code-promo-winstonia\/384\/\" class=\"rank-math-html-sitemap__link\">Code promo Winstonia<\/a> <span class=\"rank-math-html-sitemap__date\">(janvier 3, 2026)<\/span><\/li><li class=\"rank-math-html-sitemap__item\"><a href=\"https:\/\/couteau-nihon.fr\/blog\/code-promo-shine-banque\/380\/\" class=\"rank-math-html-sitemap__link\">Code promo Shine Banque<\/a> <span class=\"rank-math-html-sitemap__date\">(janvier 3, 2026)<\/span><\/li><li class=\"rank-math-html-sitemap__item\"><a href=\"https:\/\/couteau-nihon.fr\/blog\/comparateur-des-agences-web-2026\/375\/\" class=\"rank-math-html-sitemap__link\">Comparateur complet des meilleures agences web en 2026 : votre guide strat\u00e9gique pour r\u00e9ussir sur le digital<\/a> <span class=\"rank-math-html-sitemap__date\">(janvier 2, 2026)<\/span><\/li><li class=\"rank-math-html-sitemap__item\"><a href=\"https:\/\/couteau-nihon.fr\/blog\/presentation-de-devsource\/368\/\" class=\"rank-math-html-sitemap__link\">Pr\u00e9sentation de Devsource : l\u2019expertise web au service des entreprises<\/a> <span class=\"rank-math-html-sitemap__date\">(novembre 3, 2025)<\/span><\/li><li class=\"rank-math-html-sitemap__item\"><a href=\"https:\/\/couteau-nihon.fr\/blog\/les-differents-types-de-couteaux-japonais-et-leurs-usages\/238\/\" class=\"rank-math-html-sitemap__link\">Les diff\u00e9rents types de couteaux japonais et leurs usages<\/a> <span class=\"rank-math-html-sitemap__date\">(octobre 25, 2025)<\/span><\/li><li class=\"rank-math-html-sitemap__item\"><a href=\"https:\/\/couteau-nihon.fr\/blog\/napparait-pas-dans-chatgpt\/336\/\" class=\"rank-math-html-sitemap__link\">Pourquoi votre contenu n\u2019appara\u00eet pas dans ChatGPT et comment y rem\u00e9dier ?<\/a> <span class=\"rank-math-html-sitemap__date\">(octobre 22, 2025)<\/span><\/li><li class=\"rank-math-html-sitemap__item\"><a href=\"https:\/\/couteau-nihon.fr\/blog\/netlinking-en-2026\/335\/\" class=\"rank-math-html-sitemap__link\">Netlinking en 2026 : \u00e0 quoi s\u2019attendre pour booster son r\u00e9f\u00e9rencement ?<\/a> <span class=\"rank-math-html-sitemap__date\">(octobre 19, 2025)<\/span><\/li><li class=\"rank-math-html-sitemap__item\"><a href=\"https:\/\/couteau-nihon.fr\/blog\/audit-seo-technique-avance\/334\/\" class=\"rank-math-html-sitemap__link\">Pourquoi un &quot;L&#039;Audit SEO Technique Avanc\u00e9&quot; est-il le seul moyen de survivre aux mises \u00e0 jour de Google ?<\/a> <span class=\"rank-math-html-sitemap__date\">(octobre 19, 2025)<\/span><\/li><li class=\"rank-math-html-sitemap__item\"><a href=\"https:\/\/couteau-nihon.fr\/blog\/physiotherapie-a-grandvaux\/329\/\" class=\"rank-math-html-sitemap__link\">Physioth\u00e9rapie \u00e0 Grandvaux<\/a> <span class=\"rank-math-html-sitemap__date\">(octobre 17, 2025)<\/span><\/li><li class=\"rank-math-html-sitemap__item\"><a href=\"https:\/\/couteau-nihon.fr\/blog\/comment-aiguiser-un-couteau-japonais-avec-une-pierre-a-eau\/237\/\" class=\"rank-math-html-sitemap__link\">Comment aiguiser un couteau japonais avec une pierre \u00e0 eau<\/a> <span class=\"rank-math-html-sitemap__date\">(octobre 11, 2025)<\/span><\/li><li class=\"rank-math-html-sitemap__item\"><a href=\"https:\/\/couteau-nihon.fr\/blog\/hebergement-gratuit-pour-les-associations\/323\/\" class=\"rank-math-html-sitemap__link\">H\u00e9bergement gratuit pour les associations<\/a> <span class=\"rank-math-html-sitemap__date\">(octobre 8, 2025)<\/span><\/li><li class=\"rank-math-html-sitemap__item\"><a href=\"https:\/\/couteau-nihon.fr\/blog\/comment-creer-modifier-un-article-titre-url-liens-etc-wordpress\/316\/\" class=\"rank-math-html-sitemap__link\">Comment Cr\u00e9er, modifier un article (titre, URL, liens etc.) WordPress<\/a> <span class=\"rank-math-html-sitemap__date\">(octobre 1, 2025)<\/span><\/li><li class=\"rank-math-html-sitemap__item\"><a href=\"https:\/\/couteau-nihon.fr\/blog\/comment-se-connecter-a-mon-site-wordpress-pour-la-premiere-fois\/263\/\" class=\"rank-math-html-sitemap__link\">Comment se connecter \u00e0 mon site WordPress pour la premi\u00e8re fois ?<\/a> <span class=\"rank-math-html-sitemap__date\">(septembre 22, 2025)<\/span><\/li><li class=\"rank-math-html-sitemap__item\"><a href=\"https:\/\/couteau-nihon.fr\/blog\/comment-creer-modifier-ou-supprimer-woocommerce\/253\/\" class=\"rank-math-html-sitemap__link\">Comment cr\u00e9er, modifier ou supprimer des produits dans WooCommerce sans se prendre la t\u00eate ?<\/a> <span class=\"rank-math-html-sitemap__date\">(septembre 22, 2025)<\/span><\/li><li class=\"rank-math-html-sitemap__item\"><a href=\"https:\/\/couteau-nihon.fr\/blog\/histoire-et-artisanat-des-lames-japonaises\/236\/\" class=\"rank-math-html-sitemap__link\">Histoire et artisanat des lames japonaises<\/a> <span class=\"rank-math-html-sitemap__date\">(septembre 18, 2025)<\/span><\/li><li class=\"rank-math-html-sitemap__item\"><a href=\"https:\/\/couteau-nihon.fr\/blog\/comparatif-couteaux-japonais-vs-couteaux-europeens\/235\/\" class=\"rank-math-html-sitemap__link\">Comparatif couteaux japonais vs couteaux europ\u00e9ens<\/a> <span class=\"rank-math-html-sitemap__date\">(septembre 10, 2025)<\/span><\/li><li class=\"rank-math-html-sitemap__item\"><a href=\"https:\/\/couteau-nihon.fr\/blog\/bilan-mensuel-aout-2025\/249\/\" class=\"rank-math-html-sitemap__link\">Bilan Mensuel Ao\u00fbt 2025<\/a> <span class=\"rank-math-html-sitemap__date\">(septembre 8, 2025)<\/span><\/li><li class=\"rank-math-html-sitemap__item\"><a href=\"https:\/\/couteau-nihon.fr\/blog\/entretenir-un-manche-en-bois-de-couteau-japonais\/240\/\" class=\"rank-math-html-sitemap__link\">Entretenir un manche en bois de couteau japonais<\/a> <span class=\"rank-math-html-sitemap__date\">(ao\u00fbt 27, 2025)<\/span><\/li><li class=\"rank-math-html-sitemap__item\"><a href=\"https:\/\/couteau-nihon.fr\/blog\/creation-de-lacademie-devsource\/231\/\" class=\"rank-math-html-sitemap__link\">Cr\u00e9ation de l&#039;Acad\u00e9mie Devsource<\/a> <span class=\"rank-math-html-sitemap__date\">(ao\u00fbt 12, 2025)<\/span><\/li><li class=\"rank-math-html-sitemap__item\"><a href=\"https:\/\/couteau-nihon.fr\/blog\/devsource-by-maxime-guinard\/226\/\" class=\"rank-math-html-sitemap__link\">DevSource by Maxime Guinard<\/a> <span class=\"rank-math-html-sitemap__date\">(juillet 17, 2025)<\/span><\/li><li class=\"rank-math-html-sitemap__item\"><a href=\"https:\/\/couteau-nihon.fr\/blog\/vous-cherchez-un-expert-du-digital-pour-booster-votre-presence-en-ligne\/223\/\" class=\"rank-math-html-sitemap__link\">Vous cherchez un expert du digital pour booster votre pr\u00e9sence en ligne ?<\/a> <span class=\"rank-math-html-sitemap__date\">(juillet 5, 2025)<\/span><\/li><li class=\"rank-math-html-sitemap__item\"><a href=\"https:\/\/couteau-nihon.fr\/blog\/blot-physio-a-lutry-retrouver-confiance-en-son-corps-grace-a-une-prise-en-charge-sur-mesure\/219\/\" class=\"rank-math-html-sitemap__link\">Blot Physio \u00e0 Lutry : retrouver confiance en son corps gr\u00e2ce \u00e0 une prise en charge sur mesure<\/a> <span class=\"rank-math-html-sitemap__date\">(juillet 1, 2025)<\/span><\/li><li class=\"rank-math-html-sitemap__item\"><a href=\"https:\/\/couteau-nihon.fr\/blog\/couteau-japonais-pour-debutant\/215\/\" class=\"rank-math-html-sitemap__link\">couteau japonais pour d\u00e9butant<\/a> <span class=\"rank-math-html-sitemap__date\">(juin 4, 2025)<\/span><\/li><li class=\"rank-math-html-sitemap__item\"><a href=\"https:\/\/couteau-nihon.fr\/blog\/comment-trouver-un-developpeur-web-competent-pour-creer-un-site-efficace\/212\/\" class=\"rank-math-html-sitemap__link\">Comment trouver un d\u00e9veloppeur web comp\u00e9tent pour cr\u00e9er un site efficace ?<\/a> <span class=\"rank-math-html-sitemap__date\">(mai 22, 2025)<\/span><\/li><li class=\"rank-math-html-sitemap__item\"><a href=\"https:\/\/couteau-nihon.fr\/blog\/developpeur-web-comment-choisir-un-developpeur-web-competent-et-fiable-en-2025\/209\/\" class=\"rank-math-html-sitemap__link\">D\u00e9veloppeur web : Comment choisir un d\u00e9veloppeur web comp\u00e9tent et fiable en 2025 ?<\/a> <span class=\"rank-math-html-sitemap__date\">(mai 22, 2025)<\/span><\/li><li class=\"rank-math-html-sitemap__item\"><a href=\"https:\/\/couteau-nihon.fr\/blog\/comment-reussir-sa-creation-de-site-web-sans-tomber-dans-les-pieges-classiques\/206\/\" class=\"rank-math-html-sitemap__link\">Comment r\u00e9ussir sa cr\u00e9ation de site web sans tomber dans les pi\u00e8ges classiques ?<\/a> <span class=\"rank-math-html-sitemap__date\">(mai 22, 2025)<\/span><\/li><li class=\"rank-math-html-sitemap__item\"><a href=\"https:\/\/couteau-nihon.fr\/blog\/quel-est-le-meilleur-hebergement-de-site-web-pour-assurer-stabilite-et-performance\/201\/\" class=\"rank-math-html-sitemap__link\">Quel est le meilleur h\u00e9bergement de site web pour assurer stabilit\u00e9 et performance ?<\/a> <span class=\"rank-math-html-sitemap__date\">(mai 22, 2025)<\/span><\/li><li class=\"rank-math-html-sitemap__item\"><a href=\"https:\/\/couteau-nihon.fr\/blog\/creation-de-site-web-pourquoi-et-comment-reussir-la-creation-de-site-web-adaptee-a-chaque-metier\/198\/\" class=\"rank-math-html-sitemap__link\">Cr\u00e9ation de site web : Pourquoi et comment r\u00e9ussir la cr\u00e9ation de site web adapt\u00e9e \u00e0 chaque m\u00e9tier ?<\/a> <span class=\"rank-math-html-sitemap__date\">(mai 22, 2025)<\/span><\/li><li class=\"rank-math-html-sitemap__item\"><a href=\"https:\/\/couteau-nihon.fr\/blog\/couteau-japonais-pour-gaucher\/197\/\" class=\"rank-math-html-sitemap__link\">couteau japonais pour gaucher<\/a> <span class=\"rank-math-html-sitemap__date\">(mai 22, 2025)<\/span><\/li><li class=\"rank-math-html-sitemap__item\"><a href=\"https:\/\/couteau-nihon.fr\/blog\/couteau-japonais-en-promotion\/194\/\" class=\"rank-math-html-sitemap__link\">couteau japonais en promotion<\/a> <span class=\"rank-math-html-sitemap__date\">(mai 10, 2025)<\/span><\/li><li class=\"rank-math-html-sitemap__item\"><a href=\"https:\/\/couteau-nihon.fr\/blog\/couteau-japonais-pour-enfant\/184\/\" class=\"rank-math-html-sitemap__link\">couteau japonais pour enfant<\/a> <span class=\"rank-math-html-sitemap__date\">(avril 27, 2025)<\/span><\/li><li class=\"rank-math-html-sitemap__item\"><a href=\"https:\/\/couteau-nihon.fr\/blog\/gagnez-en-credibilite-avec-un-site-internet-parfaitement-adapte-a-votre-metier-et-votre-zone-geographique\/173\/\" class=\"rank-math-html-sitemap__link\">Gagnez en cr\u00e9dibilit\u00e9 avec un site internet parfaitement adapt\u00e9 \u00e0 votre m\u00e9tier et votre zone g\u00e9ographique<\/a> <span class=\"rank-math-html-sitemap__date\">(avril 23, 2025)<\/span><\/li><li class=\"rank-math-html-sitemap__item\"><a href=\"https:\/\/couteau-nihon.fr\/blog\/couteau-japonais-santoku\/170\/\" class=\"rank-math-html-sitemap__link\">couteau japonais santoku<\/a> <span class=\"rank-math-html-sitemap__date\">(avril 13, 2025)<\/span><\/li><li class=\"rank-math-html-sitemap__item\"><a href=\"https:\/\/couteau-nihon.fr\/blog\/pourquoi-faire-appel-a-un-redacteur-web-pour-booster-sa-visibilite-en-ligne\/162\/\" class=\"rank-math-html-sitemap__link\">Pourquoi faire appel \u00e0 un r\u00e9dacteur web pour booster sa visibilit\u00e9 en ligne ?<\/a> <span class=\"rank-math-html-sitemap__date\">(avril 8, 2025)<\/span><\/li><li class=\"rank-math-html-sitemap__item\"><a href=\"https:\/\/couteau-nihon.fr\/blog\/couteau-japonais-vs-couteau-francais\/159\/\" class=\"rank-math-html-sitemap__link\">couteau japonais vs couteau fran\u00e7ais<\/a> <span class=\"rank-math-html-sitemap__date\">(mars 31, 2025)<\/span><\/li><li class=\"rank-math-html-sitemap__item\"><a href=\"https:\/\/couteau-nihon.fr\/blog\/couteaux-artisanaux-vs-couteaux-industriels-quelle-est-la-meilleure-option\/152\/\" class=\"rank-math-html-sitemap__link\">Couteaux artisanaux vs couteaux industriels : Quelle est la meilleure option ?<\/a> <span class=\"rank-math-html-sitemap__date\">(mars 28, 2025)<\/span><\/li><li class=\"rank-math-html-sitemap__item\"><a href=\"https:\/\/couteau-nihon.fr\/blog\/quelle-est-la-meilleure-idee-cadeau-pour-un-passionne-de-cuisine\/150\/\" class=\"rank-math-html-sitemap__link\">Quelle est la meilleure id\u00e9e-cadeau pour un passionn\u00e9 de cuisine ?<\/a> <span class=\"rank-math-html-sitemap__date\">(mars 28, 2025)<\/span><\/li><li class=\"rank-math-html-sitemap__item\"><a href=\"https:\/\/couteau-nihon.fr\/blog\/faut-il-vraiment-acheter-un-couteau-japonais-mon-avis-apres-1-mois-dutilisation\/146\/\" class=\"rank-math-html-sitemap__link\">Faut-il vraiment acheter un couteau japonais ? Mon avis apr\u00e8s 1 mois d\u2019utilisation<\/a> <span class=\"rank-math-html-sitemap__date\">(mars 28, 2025)<\/span><\/li><li class=\"rank-math-html-sitemap__item\"><a href=\"https:\/\/couteau-nihon.fr\/blog\/quels-sont-les-5-meilleurs-couteaux-japonais-pour-debuter-en-cuisine\/142\/\" class=\"rank-math-html-sitemap__link\">Quels sont les 5 meilleurs couteaux japonais pour d\u00e9buter en cuisine ?<\/a> <span class=\"rank-math-html-sitemap__date\">(mars 28, 2025)<\/span><\/li><li class=\"rank-math-html-sitemap__item\"><a href=\"https:\/\/couteau-nihon.fr\/blog\/code-promo-kotai\/116\/\" class=\"rank-math-html-sitemap__link\">Code promo Kotai couteau japonais 2025 qui fonctionne<\/a> <span class=\"rank-math-html-sitemap__date\">(mars 19, 2025)<\/span><\/li><li class=\"rank-math-html-sitemap__item\"><a href=\"https:\/\/couteau-nihon.fr\/blog\/quel-est-le-meilleur-couteau-pour-une-decoupe-precise\/112\/\" class=\"rank-math-html-sitemap__link\">Quel est le meilleur couteau pour une d\u00e9coupe pr\u00e9cise  ?<\/a> <span class=\"rank-math-html-sitemap__date\">(mars 19, 2025)<\/span><\/li><li class=\"rank-math-html-sitemap__item\"><a href=\"https:\/\/couteau-nihon.fr\/blog\/meilleur-couteau-japonais\/98\/\" class=\"rank-math-html-sitemap__link\">meilleur couteau japonais<\/a> <span class=\"rank-math-html-sitemap__date\">(mars 18, 2025)<\/span><\/li><li class=\"rank-math-html-sitemap__item\"><a href=\"https:\/\/couteau-nihon.fr\/blog\/couteau-japonais-pliant\/91\/\" class=\"rank-math-html-sitemap__link\">couteau japonais pliant<\/a> <span class=\"rank-math-html-sitemap__date\">(mars 5, 2025)<\/span><\/li><li class=\"rank-math-html-sitemap__item\"><a href=\"https:\/\/couteau-nihon.fr\/blog\/couteau-japonais-en-acier-vg10\/83\/\" class=\"rank-math-html-sitemap__link\">couteau japonais en acier vg10<\/a> <span class=\"rank-math-html-sitemap__date\">(f\u00e9vrier 20, 2025)<\/span><\/li><li class=\"rank-math-html-sitemap__item\"><a href=\"https:\/\/couteau-nihon.fr\/blog\/comment-reussir-le-choix-de-son-premier-katana\/60\/\" class=\"rank-math-html-sitemap__link\">Comment r\u00e9ussir le choix de son premier Katana\u2009?<\/a> <span class=\"rank-math-html-sitemap__date\">(f\u00e9vrier 9, 2025)<\/span><\/li><li class=\"rank-math-html-sitemap__item\"><a href=\"https:\/\/couteau-nihon.fr\/blog\/2-criteres-cles-pour-bien-choisir-un-couteau-de-survie-japonais\/58\/\" class=\"rank-math-html-sitemap__link\">2 crit\u00e8res cl\u00e9s pour bien choisir un couteau de survie japonais\u2009?<\/a> <span class=\"rank-math-html-sitemap__date\">(f\u00e9vrier 9, 2025)<\/span><\/li><li class=\"rank-math-html-sitemap__item\"><a href=\"https:\/\/couteau-nihon.fr\/blog\/couteau-japonais-pour-le-pain\/52\/\" class=\"rank-math-html-sitemap__link\">couteau japonais pour le pain<\/a> <span class=\"rank-math-html-sitemap__date\">(f\u00e9vrier 6, 2025)<\/span><\/li><li class=\"rank-math-html-sitemap__item\"><a href=\"https:\/\/couteau-nihon.fr\/blog\/couteau-japonais-pour-camping\/46\/\" class=\"rank-math-html-sitemap__link\">couteau japonais pour camping<\/a> <span class=\"rank-math-html-sitemap__date\">(f\u00e9vrier 5, 2025)<\/span><\/li><li class=\"rank-math-html-sitemap__item\"><a href=\"https:\/\/couteau-nihon.fr\/blog\/couteau-japonais-pour-sushi\/32\/\" class=\"rank-math-html-sitemap__link\">couteau japonais pour sushi<\/a> <span class=\"rank-math-html-sitemap__date\">(f\u00e9vrier 4, 2025)<\/span><\/li><li class=\"rank-math-html-sitemap__item\"><a href=\"https:\/\/couteau-nihon.fr\/blog\/couteau-japonais-en-titane\/14\/\" class=\"rank-math-html-sitemap__link\">couteau japonais en titane<\/a> <span class=\"rank-math-html-sitemap__date\">(f\u00e9vrier 4, 2025)<\/span><\/li><\/ul><\/div><div class=\"rank-math-html-sitemap__section rank-math-html-sitemap__section--post-type rank-math-html-sitemap__section--page\"><h2 class=\"rank-math-html-sitemap__title\">Pages<\/h2><ul class=\"rank-math-html-sitemap__list\"><li class=\"rank-math-html-sitemap__item\"><a href=\"https:\/\/couteau-nihon.fr\/blog\/contact\/\" class=\"rank-math-html-sitemap__link\">Contact<\/a> <span class=\"rank-math-html-sitemap__date\">(f\u00e9vrier 4, 2025)<\/span><\/li><li class=\"rank-math-html-sitemap__item\"><a href=\"https:\/\/couteau-nihon.fr\/blog\/mentions-legales\/\" class=\"rank-math-html-sitemap__link\">Mentions L\u00e9gales<\/a> <span class=\"rank-math-html-sitemap__date\">(f\u00e9vrier 4, 2025)<\/span><\/li><li class=\"rank-math-html-sitemap__item\"><a href=\"https:\/\/couteau-nihon.fr\/blog\/plan-de-site\/\" class=\"rank-math-html-sitemap__link\">Plan de site<\/a> <span class=\"rank-math-html-sitemap__date\">(f\u00e9vrier 4, 2025)<\/span><\/li><li class=\"rank-math-html-sitemap__item\"><a href=\"https:\/\/couteau-nihon.fr\/blog\/privacy-policy\/\" class=\"rank-math-html-sitemap__link\">Politique de confidentialit\u00e9<\/a> <span class=\"rank-math-html-sitemap__date\">(f\u00e9vrier 4, 2025)<\/span><\/li><\/ul><\/div><div class=\"rank-math-html-sitemap__section rank-math-html-sitemap__section--taxonomy rank-math-html-sitemap__section--category\"><h2 class=\"rank-math-html-sitemap__title\">Cat\u00e9gories<\/h2><ul class=\"rank-math-html-sitemap__list\"><li class=\"rank-math-html-sitemap__item\"><a href=\"https:\/\/couteau-nihon.fr\/blog\/couteau\/\" class=\"rank-math-html-sitemap__link\">Couteau<\/a><\/li><li class=\"rank-math-html-sitemap__item\"><a href=\"https:\/\/couteau-nihon.fr\/blog\/couteau-japonais\/\" class=\"rank-math-html-sitemap__link\">Couteau Japonais<\/a><\/li><\/ul><\/div><\/div>\n","protected":false},"excerpt":{"rendered":"","protected":false},"author":1,"featured_media":0,"parent":0,"menu_order":0,"comment_status":"closed","ping_status":"closed","template":"","meta":{"footnotes":""},"class_list":["post-18","page","type-page","status-publish","hentry"],"_links":{"self":[{"href":"https:\/\/couteau-nihon.fr\/blog\/wp-json\/wp\/v2\/pages\/18","targetHints":{"allow":["GET"]}}],"collection":[{"href":"https:\/\/couteau-nihon.fr\/blog\/wp-json\/wp\/v2\/pages"}],"about":[{"href":"https:\/\/couteau-nihon.fr\/blog\/wp-json\/wp\/v2\/types\/page"}],"author":[{"embeddable":true,"href":"https:\/\/couteau-nihon.fr\/blog\/wp-json\/wp\/v2\/users\/1"}],"replies":[{"embeddable":true,"href":"https:\/\/couteau-nihon.fr\/blog\/wp-json\/wp\/v2\/comments?post=18"}],"version-history":[{"count":0,"href":"https:\/\/couteau-nihon.fr\/blog\/wp-json\/wp\/v2\/pages\/18\/revisions"}],"wp:attachment":[{"href":"https:\/\/couteau-nihon.fr\/blog\/wp-json\/wp\/v2\/media?parent=18"}],"curies":[{"name":"wp","href":"https:\/\/api.w.org\/{rel}","templated":true}]}}